{"id":95,"date":"2025-01-31T20:53:28","date_gmt":"2025-01-31T20:53:28","guid":{"rendered":"https:\/\/guianetflix.net\/?page_id=95"},"modified":"2025-01-31T20:53:29","modified_gmt":"2025-01-31T20:53:29","slug":"about","status":"publish","type":"page","link":"https:\/\/guianetflix.net\/hi\/about\/","title":{"rendered":"\u0928\u0947\u091f\u092b\u094d\u0932\u093f\u0915\u094d\u0938 \u0917\u093e\u0907\u0921 \u0915\u0947 \u092c\u093e\u0930\u0947 \u092e\u0947\u0902"},"content":{"rendered":"<div class=\"mx-5 sm:mx-0 prose leading-relaxed text-lg mb-5 text-left wp-paragraph\">\n<p>\u0928\u094b\u0921 <strong>\u0928\u0947\u091f\u092b\u094d\u0932\u093f\u0915\u094d\u0938 \u0917\u093e\u0907\u0921<\/strong>\u092e\u0928\u094b\u0930\u0902\u091c\u0928 \u090f\u0915 \u0935\u093f\u0936\u0947\u0937 \u0938\u094d\u0925\u093e\u0928 \u092a\u094d\u0930\u093e\u092a\u094d\u0924 \u0915\u0930\u0924\u093e \u0939\u0948\u0964 \u092f\u0939\u093e\u0901, \u0939\u092e \u0927\u093e\u0930\u093e\u0935\u093e\u0939\u093f\u0915\u094b\u0902, \u092b\u093f\u0932\u094d\u092e\u094b\u0902, \u0927\u093e\u0930\u093e\u0935\u093e\u0939\u093f\u0915\u094b\u0902 \u0914\u0930 \u0930\u094b\u091a\u0915 \u0924\u0925\u094d\u092f\u094b\u0902 \u0915\u0940 \u0926\u0941\u0928\u093f\u092f\u093e \u092e\u0947\u0902 \u0939\u094b\u0928\u0947 \u0935\u093e\u0932\u0940 \u0939\u0930 \u0918\u091f\u0928\u093e \u0915\u094b \u0915\u0935\u0930 \u0915\u0930\u0924\u0947 \u0939\u0948\u0902, \u092c\u093f\u0928\u093e \u0915\u093f\u0938\u0940 \u092e\u0939\u0924\u094d\u0935\u092a\u0942\u0930\u094d\u0923 \u0916\u092c\u0930 \u0915\u094b \u0928\u091c\u093c\u0930\u0905\u0902\u0926\u093e\u091c\u093c \u0915\u093f\u090f\u0964 \u0939\u092e\u093e\u0930\u0940 \u0938\u093e\u092e\u0917\u094d\u0930\u0940 \u0909\u0928 \u0932\u094b\u0917\u094b\u0902 \u0915\u0947 \u0932\u093f\u090f \u0921\u093f\u091c\u093c\u093e\u0907\u0928 \u0915\u0940 \u0917\u0908 \u0939\u0948 \u091c\u094b \u0938\u094d\u092a\u0937\u094d\u091f \u0938\u0947 \u092a\u0930\u0947 \u091c\u093e\u0915\u0930 \u0905\u092a\u0928\u0947 \u092a\u0938\u0902\u0926\u0940\u0926\u093e \u0928\u093f\u0930\u094d\u092e\u093e\u0923\u094b\u0902 \u0915\u0947 \u092c\u093e\u0930\u0947 \u092e\u0947\u0902 \u0924\u0925\u094d\u092f, \u0930\u0941\u091d\u093e\u0928 \u0914\u0930 \u0917\u0941\u0923\u0935\u0924\u094d\u0924\u093e\u092a\u0942\u0930\u094d\u0923 \u0935\u093f\u0936\u094d\u0932\u0947\u0937\u0923 \u0916\u094b\u091c\u0928\u093e \u091a\u093e\u0939\u0924\u0947 \u0939\u0948\u0902\u0964<\/p>\n<\/div><!--advertisement--><div class=\"mx-5 sm:mx-0 sm:text-3xl text-2xl font-medium title-font mb-4 text-gray-900 text-left\">\n<h3 class=\"wp-block-heading\">\u0939\u092e \u091c\u094b \u0939\u0948\u0902<\/h3>\n<\/div><div class=\"mx-5 sm:mx-0 prose leading-relaxed text-lg mb-5 text-left wp-paragraph\">\n<p>O <strong>\u0928\u0947\u091f\u092b\u094d\u0932\u093f\u0915\u094d\u0938 \u0917\u093e\u0907\u0921<\/strong> \u0938\u093f\u0928\u0947\u092e\u093e \u091c\u0917\u0924 \u0938\u0947 \u091c\u0941\u0921\u093c\u0940 \u092a\u094d\u0930\u093e\u0938\u0902\u0917\u093f\u0915 \u0938\u093e\u092e\u0917\u094d\u0930\u0940 \u0938\u093e\u091d\u093e \u0915\u0930\u0928\u0947 \u0915\u0940 \u091a\u093e\u0939\u0924 \u0938\u0947 \u091c\u0928\u094d\u092e\u093e \u0939\u092e\u093e\u0930\u093e \u092f\u0939 \u092a\u094d\u0930\u092f\u093e\u0938\u0964 \u0939\u092e\u093e\u0930\u0940 \u091f\u0940\u092e \u092b\u093c\u093f\u0932\u094d\u092e, \u091f\u0947\u0932\u0940\u0935\u093f\u091c\u093c\u0928 \u0914\u0930 \u092c\u0947\u0939\u0924\u0930\u0940\u0928 \u0915\u0939\u093e\u0928\u093f\u092f\u094b\u0902 \u0938\u0947 \u091c\u0941\u0921\u093c\u0940 \u0939\u0930 \u091a\u0940\u091c\u093c \u0915\u0947 \u092a\u094d\u0930\u0924\u093f \u0938\u092e\u0930\u094d\u092a\u093f\u0924 \u0932\u094b\u0917\u094b\u0902 \u0938\u0947 \u092c\u0928\u0940 \u0939\u0948\u0964 \u0939\u092e \u0938\u092c\u0938\u0947 \u091a\u0930\u094d\u091a\u093f\u0924 \u0930\u093f\u0932\u0940\u091c\u093c \u0938\u0947 \u0932\u0947\u0915\u0930 \u0915\u0908 \u092a\u0940\u0922\u093c\u093f\u092f\u094b\u0902 \u0915\u094b \u0906\u0915\u0930\u094d\u0937\u093f\u0924 \u0915\u0930\u0928\u0947 \u0935\u093e\u0932\u0940 \u0915\u094d\u0932\u093e\u0938\u093f\u0915 \u092a\u094d\u0930\u0938\u094d\u0924\u0941\u0924\u093f\u092f\u094b\u0902 \u0924\u0915, \u0939\u0930 \u091a\u0940\u091c\u093c \u0915\u093e \u0905\u0928\u094d\u0935\u0947\u0937\u0923 \u0915\u0930\u0924\u0947 \u0939\u0948\u0902\u0964<\/p>\n<\/div><!--advertisement--><div class=\"mx-5 sm:mx-0 sm:text-3xl text-2xl font-medium title-font mb-4 text-gray-900 text-left\">\n<h3 class=\"wp-block-heading\">\u0906\u092a\u0915\u094b \u0915\u094d\u092f\u093e \u092e\u093f\u0932\u0947\u0917\u093e<\/h3>\n<\/div><div class=\"mx-5 sm:mx-0 prose text-left mb-5\">\n<ul><div class=\"mx-5 sm:mx-0 prose text-left mb-5\">\n<li><strong>\u0938\u092e\u093e\u091a\u093e\u0930 \u090f\u0935\u0902 \u0935\u093f\u091c\u094d\u091e\u092a\u094d\u0924\u093f\u092f\u093e\u0901:<\/strong> \u0938\u094d\u091f\u094d\u0930\u0940\u092e\u093f\u0902\u0917 \u092a\u094d\u0932\u0947\u091f\u092b\u0949\u0930\u094d\u092e \u092a\u0930 \u092a\u094d\u0930\u0940\u092e\u093f\u092f\u0930, \u0928\u0935\u0940\u0928\u0940\u0915\u0930\u0923 \u0914\u0930 \u0938\u092e\u093e\u091a\u093e\u0930 \u0915\u0947 \u092c\u093e\u0930\u0947 \u092e\u0947\u0902 \u0938\u092c \u0915\u0941\u091b\u0964<\/li>\n<\/div>\n\n<div class=\"mx-5 sm:mx-0 prose text-left mb-5\">\n<li><strong>\u0915\u0941\u0902\u0926 \u0935\u093f\u0936\u094d\u0932\u0947\u0937\u0923:<\/strong> \u0915\u094d\u092f\u093e \u0935\u093e\u0938\u094d\u0924\u0935 \u092e\u0947\u0902 \u0926\u0947\u0916\u0928\u0947 \u0932\u093e\u092f\u0915 \u0939\u0948 \u0914\u0930 \u0915\u094d\u092f\u093e \u0906\u092a \u091b\u094b\u0921\u093c \u0938\u0915\u0924\u0947 \u0939\u0948\u0902, \u0907\u0938 \u092a\u0930 \u0908\u092e\u093e\u0928\u0926\u093e\u0930 \u0930\u093e\u092f\u0964<\/li>\n<\/div>\n\n<div class=\"mx-5 sm:mx-0 prose text-left mb-5\">\n<li><strong>\u0935\u094d\u092f\u0915\u094d\u0924\u093f\u0917\u0924 \u0938\u0941\u091d\u093e\u0935:<\/strong> \u0935\u093f\u092d\u093f\u0928\u094d\u0928 \u0936\u0948\u0932\u093f\u092f\u094b\u0902 \u0914\u0930 \u0915\u094d\u0937\u0923\u094b\u0902 \u0915\u0947 \u0932\u093f\u090f \u0924\u0948\u092f\u093e\u0930 \u0915\u0940 \u0917\u0908 \u0938\u0942\u091a\u093f\u092f\u093e\u0901 \u0914\u0930 \u0938\u093f\u092b\u093e\u0930\u093f\u0936\u0947\u0902\u0964<\/li>\n<\/div>\n\n<div class=\"mx-5 sm:mx-0 prose text-left mb-5\">\n<li><strong>\u091c\u093f\u091c\u094d\u091e\u093e\u0938\u093e\u090f\u0901 \u0914\u0930 \u0905\u0938\u093e\u092e\u093e\u0928\u094d\u092f \u0924\u0925\u094d\u092f:<\/strong> \u0906\u092a\u0915\u0947 \u092a\u0938\u0902\u0926\u0940\u0926\u093e \u0936\u0940\u0930\u094d\u0937\u0915\u094b\u0902 \u0915\u0947 \u092c\u093e\u0930\u0947 \u092e\u0947\u0902 \u0935\u093f\u0936\u0947\u0937 \u091c\u093e\u0928\u0915\u093e\u0930\u0940 \u0914\u0930 \u0905\u0932\u094d\u092a\u091c\u094d\u091e\u093e\u0924 \u0935\u093f\u0935\u0930\u0923\u0964<\/li>\n<\/div>\n\n<div class=\"mx-5 sm:mx-0 prose text-left mb-5\">\n<li><strong>\u092e\u0928\u094b\u0930\u0902\u091c\u0928 \u0915\u0947 \u0930\u0941\u091d\u093e\u0928:<\/strong> \u0906\u0928\u0947 \u0935\u093e\u0932\u0947 \u092e\u0939\u0940\u0928\u094b\u0902 \u092e\u0947\u0902 \u0915\u094d\u092f\u093e \u091a\u0932 \u0930\u0939\u093e \u0939\u0948 \u0914\u0930 \u0915\u094d\u092f\u093e \u0909\u092e\u094d\u092e\u0940\u0926 \u0915\u0940 \u091c\u093e \u0938\u0915\u0924\u0940 \u0939\u0948, \u0907\u0938\u0915\u0947 \u092c\u093e\u0930\u0947 \u092e\u0947\u0902 \u0905\u092a\u0921\u0947\u091f \u0930\u0939\u0947\u0902\u0964<\/li>\n<\/div><\/ul>\n<\/div><!--advertisement--><div class=\"mx-5 sm:mx-0 sm:text-3xl text-2xl font-medium title-font mb-4 text-gray-900 text-left\">\n<h3 class=\"wp-block-heading\">\u0939\u092e\u093e\u0930\u0940 \u092a\u094d\u0930\u0924\u093f\u092c\u0926\u094d\u0927\u0924\u093e<\/h3>\n<\/div><div class=\"mx-5 sm:mx-0 prose leading-relaxed text-lg mb-5 text-left wp-paragraph\">\n<p>\u092f\u0939\u093e\u0901, \u0939\u092e\u093e\u0930\u093e \u092e\u093f\u0936\u0928 \u0908\u092e\u093e\u0928\u0926\u093e\u0930 \u0914\u0930 \u092c\u0947\u0939\u0924\u0930\u0940\u0928 \u0938\u093e\u092e\u0917\u094d\u0930\u0940 \u092a\u094d\u0930\u0926\u093e\u0928 \u0915\u0930\u0928\u093e \u0939\u0948, \u091c\u094b \u092e\u0928\u094b\u0930\u0902\u091c\u0928 \u092a\u094d\u0930\u0947\u092e\u093f\u092f\u094b\u0902 \u0915\u0947 \u0932\u093f\u090f \u0935\u093e\u0938\u094d\u0924\u0935 \u092e\u0947\u0902 \u092e\u0939\u0924\u094d\u0935\u092a\u0942\u0930\u094d\u0923 \u0939\u0948\u0964 \u0939\u092e \u0915\u093f\u0938\u0940 \u092d\u0940 \u0915\u0940\u092e\u0924 \u092a\u0930 \u0916\u0941\u0936 \u0915\u0930\u0928\u0947 \u0915\u0940 \u0915\u094b\u0936\u093f\u0936 \u0928\u0939\u0940\u0902 \u0915\u0930\u0924\u0947, \u092c\u0932\u094d\u0915\u093f \u092a\u094d\u0930\u093e\u0938\u0902\u0917\u093f\u0915 \u091c\u093e\u0928\u0915\u093e\u0930\u0940 \u0914\u0930 \u092a\u094d\u0930\u093e\u092e\u093e\u0923\u093f\u0915 \u0930\u093e\u092f \u092a\u094d\u0930\u0926\u093e\u0928 \u0915\u0930\u0928\u093e \u091a\u093e\u0939\u0924\u0947 \u0939\u0948\u0902\u0964<\/p>\n<\/div><!--advertisement--><div class=\"mx-5 sm:mx-0 sm:text-3xl text-2xl font-medium title-font mb-4 text-gray-900 text-left\">\n<h3 class=\"wp-block-heading\">\u092e\u0939\u0924\u094d\u0935\u092a\u0942\u0930\u094d\u0923 \u0938\u0942\u091a\u0928\u093e<\/h3>\n<\/div><div class=\"mx-5 sm:mx-0 prose leading-relaxed text-lg mb-5 text-left wp-paragraph\">\n<p>O <strong>\u0928\u0947\u091f\u092b\u094d\u0932\u093f\u0915\u094d\u0938 \u0917\u093e\u0907\u0921<\/strong> \u092f\u0939 \u090f\u0915 \u092a\u0942\u0930\u094d\u0923\u0924\u0903 \u0938\u094d\u0935\u0924\u0902\u0924\u094d\u0930 \u092a\u094b\u0930\u094d\u091f\u0932 \u0939\u0948, \u091c\u093f\u0938\u0915\u093e \u0915\u093f\u0938\u0940 \u092d\u0940 \u0938\u094d\u091f\u0942\u0921\u093f\u092f\u094b, \u0938\u094d\u091f\u094d\u0930\u0940\u092e\u093f\u0902\u0917 \u0938\u0947\u0935\u093e \u092f\u093e \u092e\u0928\u094b\u0930\u0902\u091c\u0928 \u0915\u0902\u092a\u0928\u0940 \u0938\u0947 \u0915\u094b\u0908 \u0938\u0902\u092c\u0902\u0927 \u0928\u0939\u0940\u0902 \u0939\u0948\u0964 \u0939\u092e\u093e\u0930\u0947 \u0935\u093f\u0936\u094d\u0932\u0947\u0937\u0923 \u0914\u0930 \u0938\u0941\u091d\u093e\u0935 \u0928\u093f\u0937\u094d\u092a\u0915\u094d\u0937 \u0939\u0948\u0902, \u091c\u094b \u092a\u0942\u0930\u0940 \u0924\u0930\u0939 \u0938\u0947 \u0936\u094b\u0927, \u0905\u0935\u0932\u094b\u0915\u0928 \u0914\u0930 \u0939\u092e\u093e\u0930\u0940 \u091f\u0940\u092e \u0915\u0947 \u0905\u0928\u0941\u092d\u0935 \u092a\u0930 \u0906\u0927\u093e\u0930\u093f\u0924 \u0939\u0948\u0902\u0964 \u092f\u0939\u093e\u0901, \u0906\u092a \u092d\u0930\u094b\u0938\u093e \u0915\u0930 \u0938\u0915\u0924\u0947 \u0939\u0948\u0902 \u0915\u093f \u0939\u092e \u091c\u094b \u0915\u0941\u091b \u092d\u0940 \u092a\u094d\u0930\u0915\u093e\u0936\u093f\u0924 \u0915\u0930\u0924\u0947 \u0939\u0948\u0902 \u0935\u0939 \u092a\u093e\u0930\u0926\u0930\u094d\u0936\u093f\u0924\u093e \u0914\u0930 \u092a\u093e\u0920\u0915 \u0915\u0947 \u092a\u094d\u0930\u0924\u093f \u092a\u094d\u0930\u0924\u093f\u092c\u0926\u094d\u0927\u0924\u093e \u0915\u0947 \u0938\u093e\u0925 \u0924\u0948\u092f\u093e\u0930 \u0915\u093f\u092f\u093e \u091c\u093e\u0924\u093e \u0939\u0948\u0964<\/p>\n<\/div>","protected":false},"excerpt":{"rendered":"<p>\u0928\u0947\u091f\u092b\u094d\u0932\u093f\u0915\u094d\u0938 \u0917\u093e\u0907\u0921 \u092e\u0947\u0902 \u092e\u0928\u094b\u0930\u0902\u091c\u0928 \u0915\u094b \u0938\u0930\u094d\u0935\u094b\u092a\u0930\u093f \u092e\u093e\u0928\u093e \u091c\u093e\u0924\u093e \u0939\u0948\u0964 \u092f\u0939\u093e\u0901 \u0939\u092e \u0938\u0940\u0930\u0940\u091c\u093c, \u092b\u093c\u093f\u0932\u094d\u092e\u094b\u0902, \u0927\u093e\u0930\u093e\u0935\u093e\u0939\u093f\u0915\u094b\u0902 \u0914\u0930 \u0930\u094b\u091a\u0915 \u091c\u093e\u0928\u0915\u093e\u0930\u093f\u092f\u094b\u0902 \u0915\u0940 \u0926\u0941\u0928\u093f\u092f\u093e \u092e\u0947\u0902 \u0918\u091f\u093f\u0924 \u0939\u094b\u0928\u0947 \u0935\u093e\u0932\u0940 \u0939\u0930 \u091a\u0940\u091c\u093c \u092a\u0930 \u091a\u0930\u094d\u091a\u093e \u0915\u0930\u0924\u0947 \u0939\u0948\u0902, \u0914\u0930 \u0915\u094b\u0908 \u092d\u0940 \u092e\u0939\u0924\u094d\u0935\u092a\u0942\u0930\u094d\u0923 \u0938\u092e\u093e\u091a\u093e\u0930 \u0928\u0939\u0940\u0902 \u091b\u094b\u0921\u093c\u0924\u0947\u0964 \u0939\u092e\u093e\u0930\u0940 \u0938\u093e\u092e\u0917\u094d\u0930\u0940 \u0909\u0928 \u0932\u094b\u0917\u094b\u0902 \u0915\u0947 \u0932\u093f\u090f \u0924\u0948\u092f\u093e\u0930 \u0915\u0940 \u0917\u0908 \u0939\u0948 \u091c\u094b \u0938\u0924\u0939\u0940 \u091c\u093e\u0928\u0915\u093e\u0930\u0940 \u0938\u0947 \u092a\u0930\u0947 \u091c\u093e\u0915\u0930 \u0905\u092a\u0928\u0947 \u092a\u0938\u0902\u0926\u0940\u0926\u093e \u0915\u093e\u0930\u094d\u092f\u0915\u094d\u0930\u092e\u094b\u0902 \u0915\u0947 \u092c\u093e\u0930\u0947 \u092e\u0947\u0902 \u0924\u0925\u094d\u092f, \u0930\u0941\u091d\u093e\u0928 \u0914\u0930 \u0917\u0941\u0923\u0935\u0924\u094d\u0924\u093e\u092a\u0942\u0930\u094d\u0923 \u0935\u093f\u0936\u094d\u0932\u0947\u0937\u0923 \u091c\u093e\u0928\u0928\u093e \u091a\u093e\u0939\u0924\u0947 \u0939\u0948\u0902\u0964 \u0939\u092e \u0915\u094c\u0928 \u0939\u0948\u0902\u2026 <a class=\"more-link\" href=\"https:\/\/guianetflix.net\/hi\/about\/\">\u091c\u093e\u0930\u0940 \u0930\u0916\u0947\u0902 \u092a\u0922\u093c \u0930\u0939\u0947 \u0939\u0948\u0902 <span class=\"screen-reader-text\">\u0928\u0947\u091f\u092b\u094d\u0932\u093f\u0915\u094d\u0938 \u0917\u093e\u0907\u0921 \u0915\u0947 \u092c\u093e\u0930\u0947 \u092e\u0947\u0902<\/span><\/a><\/p>","protected":false},"author":3,"featured_media":0,"parent":0,"menu_order":0,"comment_status":"closed","ping_status":"closed","template":"","meta":{"footnotes":""},"yoast_head":"<!-- This site is optimized with the Yoast SEO plugin v23.3 - https:\/\/yoast.com\/wordpress\/plugins\/seo\/ -->\n<title>Sobre o Guia Netflix - G|N<\/title>\n<meta name=\"robots\" content=\"index, follow, max-snippet:-1, max-image-preview:large, max-video-preview:-1\" \/>\n<link rel=\"canonical\" href=\"https:\/\/guianetflix.net\/hi\/about\/\" \/>\n<meta property=\"og:locale\" content=\"hi_IN\" \/>\n<meta property=\"og:type\" content=\"article\" \/>\n<meta property=\"og:title\" content=\"Sobre o Guia Netflix - G|N\" \/>\n<meta property=\"og:description\" content=\"No Guia Netflix, o entretenimento ganha um espa\u00e7o especial. Aqui, falamos sobre tudo o que movimenta o universo das s\u00e9ries, filmes, novelas e curiosidades, sem deixar passar nenhuma novidade importante. Nosso conte\u00fado \u00e9 pensado para quem quer ir al\u00e9m do \u00f3bvio, descobrindo fatos, tend\u00eancias e an\u00e1lises de qualidade sobre suas produ\u00e7\u00f5es favoritas. Quem Somos O&hellip; Continue reading Sobre o Guia Netflix\" \/>\n<meta property=\"og:url\" content=\"https:\/\/guianetflix.net\/hi\/about\/\" \/>\n<meta property=\"og:site_name\" content=\"G|N\" \/>\n<meta property=\"article:modified_time\" content=\"2025-01-31T20:53:29+00:00\" \/>\n<meta name=\"twitter:card\" content=\"summary_large_image\" \/>\n<meta name=\"twitter:label1\" content=\"Est. reading time\" \/>\n\t<meta name=\"twitter:data1\" content=\"2 \u092e\u093f\u0928\u091f\" \/>\n<script type=\"application\/ld+json\" class=\"yoast-schema-graph\">{\"@context\":\"https:\/\/schema.org\",\"@graph\":[{\"@type\":\"WebPage\",\"@id\":\"https:\/\/guianetflix.net\/about\/\",\"url\":\"https:\/\/guianetflix.net\/about\/\",\"name\":\"Sobre o Guia Netflix - G|N\",\"isPartOf\":{\"@id\":\"https:\/\/guianetflix.net\/#website\"},\"datePublished\":\"2025-01-31T20:53:28+00:00\",\"dateModified\":\"2025-01-31T20:53:29+00:00\",\"breadcrumb\":{\"@id\":\"https:\/\/guianetflix.net\/about\/#breadcrumb\"},\"inLanguage\":\"hi-IN\",\"potentialAction\":[{\"@type\":\"ReadAction\",\"target\":[\"https:\/\/guianetflix.net\/about\/\"]}]},{\"@type\":\"BreadcrumbList\",\"@id\":\"https:\/\/guianetflix.net\/about\/#breadcrumb\",\"itemListElement\":[{\"@type\":\"ListItem\",\"position\":1,\"name\":\"Home\",\"item\":\"https:\/\/guianetflix.net\/\"},{\"@type\":\"ListItem\",\"position\":2,\"name\":\"Sobre o Guia Netflix\"}]},{\"@type\":\"WebSite\",\"@id\":\"https:\/\/guianetflix.net\/#website\",\"url\":\"https:\/\/guianetflix.net\/\",\"name\":\"G|N\",\"description\":\"\",\"potentialAction\":[{\"@type\":\"SearchAction\",\"target\":{\"@type\":\"EntryPoint\",\"urlTemplate\":\"https:\/\/guianetflix.net\/?s={search_term_string}\"},\"query-input\":\"required name=search_term_string\"}],\"inLanguage\":\"hi-IN\"}]}<\/script>\n<!-- \/ Yoast SEO plugin. -->","yoast_head_json":{"title":"Sobre o Guia Netflix - G|N","robots":{"index":"index","follow":"follow","max-snippet":"max-snippet:-1","max-image-preview":"max-image-preview:large","max-video-preview":"max-video-preview:-1"},"canonical":"https:\/\/guianetflix.net\/hi\/about\/","og_locale":"hi_IN","og_type":"article","og_title":"Sobre o Guia Netflix - G|N","og_description":"No Guia Netflix, o entretenimento ganha um espa\u00e7o especial. Aqui, falamos sobre tudo o que movimenta o universo das s\u00e9ries, filmes, novelas e curiosidades, sem deixar passar nenhuma novidade importante. Nosso conte\u00fado \u00e9 pensado para quem quer ir al\u00e9m do \u00f3bvio, descobrindo fatos, tend\u00eancias e an\u00e1lises de qualidade sobre suas produ\u00e7\u00f5es favoritas. Quem Somos O&hellip; Continue reading Sobre o Guia Netflix","og_url":"https:\/\/guianetflix.net\/hi\/about\/","og_site_name":"G|N","article_modified_time":"2025-01-31T20:53:29+00:00","twitter_card":"summary_large_image","twitter_misc":{"Est. reading time":"2 \u092e\u093f\u0928\u091f"},"schema":{"@context":"https:\/\/schema.org","@graph":[{"@type":"WebPage","@id":"https:\/\/guianetflix.net\/about\/","url":"https:\/\/guianetflix.net\/about\/","name":"Sobre o Guia Netflix - G|N","isPartOf":{"@id":"https:\/\/guianetflix.net\/#website"},"datePublished":"2025-01-31T20:53:28+00:00","dateModified":"2025-01-31T20:53:29+00:00","breadcrumb":{"@id":"https:\/\/guianetflix.net\/about\/#breadcrumb"},"inLanguage":"hi-IN","potentialAction":[{"@type":"ReadAction","target":["https:\/\/guianetflix.net\/about\/"]}]},{"@type":"BreadcrumbList","@id":"https:\/\/guianetflix.net\/about\/#breadcrumb","itemListElement":[{"@type":"ListItem","position":1,"name":"Home","item":"https:\/\/guianetflix.net\/"},{"@type":"ListItem","position":2,"name":"Sobre o Guia Netflix"}]},{"@type":"WebSite","@id":"https:\/\/guianetflix.net\/#website","url":"https:\/\/guianetflix.net\/","name":"G|N","description":"","potentialAction":[{"@type":"SearchAction","target":{"@type":"EntryPoint","urlTemplate":"https:\/\/guianetflix.net\/?s={search_term_string}"},"query-input":"required name=search_term_string"}],"inLanguage":"hi-IN"}]}},"_links":{"self":[{"href":"https:\/\/guianetflix.net\/hi\/wp-json\/wp\/v2\/pages\/95"}],"collection":[{"href":"https:\/\/guianetflix.net\/hi\/wp-json\/wp\/v2\/pages"}],"about":[{"href":"https:\/\/guianetflix.net\/hi\/wp-json\/wp\/v2\/types\/page"}],"author":[{"embeddable":true,"href":"https:\/\/guianetflix.net\/hi\/wp-json\/wp\/v2\/users\/3"}],"replies":[{"embeddable":true,"href":"https:\/\/guianetflix.net\/hi\/wp-json\/wp\/v2\/comments?post=95"}],"version-history":[{"count":1,"href":"https:\/\/guianetflix.net\/hi\/wp-json\/wp\/v2\/pages\/95\/revisions"}],"predecessor-version":[{"id":96,"href":"https:\/\/guianetflix.net\/hi\/wp-json\/wp\/v2\/pages\/95\/revisions\/96"}],"wp:attachment":[{"href":"https:\/\/guianetflix.net\/hi\/wp-json\/wp\/v2\/media?parent=95"}],"curies":[{"name":"wp","href":"https:\/\/api.w.org\/{rel}","templated":true}]}}